{"id":18,"date":"2021-02-13T18:57:06","date_gmt":"2021-02-13T17:57:06","guid":{"rendered":"http:\/\/localhost\/AMTK\/?page_id=18"},"modified":"2026-03-05T08:02:55","modified_gmt":"2026-03-05T07:02:55","slug":"domov","status":"publish","type":"page","link":"https:\/\/rallyvelenje.si\/en\/","title":{"rendered":"Home"},"content":{"rendered":"<div class=\"wp-block-cover alignfull has-small-font-size\" style=\"min-height:1100px\"><span aria-hidden=\"true\" class=\"wp-block-cover__background has-neve-link-color-background-color has-background-dim-30 has-background-dim\"><\/span><img decoding=\"async\" loading=\"lazy\" width=\"1920\" height=\"1080\" class=\"wp-block-cover__image-background wp-image-1936\" alt=\"\" src=\"https:\/\/rallyvelenje.si\/wp-content\/uploads\/2026\/03\/mico.png\" data-object-fit=\"cover\" srcset=\"https:\/\/rallyvelenje.si\/wp-content\/uploads\/2026\/03\/mico.png 1920w, https:\/\/rallyvelenje.si\/wp-content\/uploads\/2026\/03\/mico-300x169.png 300w, https:\/\/rallyvelenje.si\/wp-content\/uploads\/2026\/03\/mico-1024x576.png 1024w, https:\/\/rallyvelenje.si\/wp-content\/uploads\/2026\/03\/mico-768x432.png 768w, https:\/\/rallyvelenje.si\/wp-content\/uploads\/2026\/03\/mico-1536x864.png 1536w, https:\/\/rallyvelenje.si\/wp-content\/uploads\/2026\/03\/mico-18x10.png 18w\" sizes=\"(max-width: 1920px) 100vw, 1920px\" \/><div class=\"wp-block-cover__inner-container\">\n<h1 class=\"has-text-align-center has-nv-site-bg-color has-text-color\">41. <a href=\"https:\/\/www.tiki.si\/\"><mark style=\"background-color:rgba(0, 0, 0, 0)\" class=\"has-inline-color has-nv-site-bg-color\"><img decoding=\"async\" style=\"width: 164px;\" src=\"http:\/\/rallyvelenje.si\/wp-content\/uploads\/2024\/05\/TIKI_logo.png\" alt=\"TIKI\"><\/mark><\/a> RALLY VELENJE<br>21. &#8211; 23. 5. 2026<\/h1>\n\n\n\n<p><\/p>\n\n\n\n<p><\/p>\n\n\n\n<div class=\"is-horizontal is-content-justification-center is-layout-flex wp-container-1 wp-block-buttons\">\n<div class=\"wp-block-button is-style-primary\"><a class=\"wp-block-button__link wp-element-button\" href=\"https:\/\/rallyvelenje.si\/en\/rally\/\">MORE ABOUT THE RALLY<\/a><\/div>\n<\/div>\n\n\n\n<p><\/p>\n\n\n\n<p><\/p>\n\n\n\n<p><\/p>\n\n\n\n<p><\/p>\n\n\n\n<p><\/p>\n\n\n\n<p><\/p>\n\n\n\n<p><\/p>\n\n\n\n<p><\/p>\n\n\n\n<p><\/p>\n\n\n\n<p><\/p>\n\n\n\n<p><\/p>\n\n\n\n<p><\/p>\n\n\n\n<p><\/p>\n\n\n\n<p><\/p>\n\n\n\n<p><\/p>\n\n\n\n<p class=\"has-text-align-center has-nv-text-dark-bg-color has-text-color\">\n  <strong>\u00a9<\/strong> Avtor slike \/ author of the picture:\n  <a href=\"https:\/\/www.instagram.com\/gashpermedved\/\" target=\"_blank\" rel=\"noreferrer noopener\" style=\"color: #ffffff !important;\">\n     Ga\u0161per Medved\n  <\/a>\n  <strong>\u00a9<\/strong>\n<\/p>\n<\/div><\/div>\n\n\n\n<div class=\"wp-block-cover alignfull\" style=\"min-height:160px\"><span aria-hidden=\"true\" class=\"wp-block-cover__background has-nv-light-bg-background-color has-background-dim-100 has-background-dim\"><\/span><div class=\"wp-block-cover__inner-container\"><ul class=\"wp-block-latest-posts__list is-grid columns-3 has-dates aligncenter wp-block-latest-posts\"><li><a class=\"wp-block-latest-posts__post-title\" href=\"https:\/\/rallyvelenje.si\/en\/2026\/02\/21\/redna-letna-skupscina-2026\/\">Redna letna skup\u0161\u010dina 2026<\/a><time datetime=\"2026-02-21T15:06:18+01:00\" class=\"wp-block-latest-posts__post-date\">21. February, 2026<\/time><\/li>\n<li><a class=\"wp-block-latest-posts__post-title\" href=\"https:\/\/rallyvelenje.si\/en\/2025\/05\/09\/obvestila-za-krajane\/\">EVENT NOTICES FOR LOCAL RESIDENTS<\/a><time datetime=\"2025-05-09T07:58:29+02:00\" class=\"wp-block-latest-posts__post-date\">9. May, 2025<\/time><\/li>\n<li><a class=\"wp-block-latest-posts__post-title\" href=\"https:\/\/rallyvelenje.si\/en\/2025\/04\/17\/promocijski-napovednik-40-tiki-rally-velenje\/\">Promotional trailer - 40. Tiki Rally Velenje<\/a><time datetime=\"2025-04-17T08:39:54+02:00\" class=\"wp-block-latest-posts__post-date\">17. April, 2025<\/time><\/li>\n<\/ul><\/div><\/div>\n\n\n\n<div style=\"height:80px\" aria-hidden=\"true\" class=\"wp-block-spacer\"><\/div>\n\n\n\n<div class=\"is-layout-flex wp-container-5 wp-block-columns\">\n<div class=\"is-layout-flow wp-block-column\"><div class=\"wp-block-image icon-style is-style-default\">\n<figure class=\"aligncenter size-medium is-resized\"><a href=\"https:\/\/www.fia.com\/sport\"><img decoding=\"async\" loading=\"lazy\" src=\"http:\/\/rallyvelenje.si\/wp-content\/uploads\/2021\/11\/FIA-logo.svg_-300x212.png\" alt=\"\" class=\"wp-image-330\" width=\"150\" height=\"106\" srcset=\"https:\/\/rallyvelenje.si\/wp-content\/uploads\/2021\/11\/FIA-logo.svg_-300x212.png 300w, https:\/\/rallyvelenje.si\/wp-content\/uploads\/2021\/11\/FIA-logo.svg_-1024x724.png 1024w, https:\/\/rallyvelenje.si\/wp-content\/uploads\/2021\/11\/FIA-logo.svg_-768x543.png 768w, https:\/\/rallyvelenje.si\/wp-content\/uploads\/2021\/11\/FIA-logo.svg_-1536x1085.png 1536w, https:\/\/rallyvelenje.si\/wp-content\/uploads\/2021\/11\/FIA-logo.svg_-2048x1447.png 2048w, https:\/\/rallyvelenje.si\/wp-content\/uploads\/2021\/11\/FIA-logo.svg_-18x12.png 18w\" sizes=\"(max-width: 150px) 100vw, 150px\" \/><\/a><\/figure><\/div>\n\n\n<h3 class=\"has-text-align-center has-neve-text-color-color has-text-color\"><\/h3>\n\n\n\n<p class=\"has-text-align-center\"><\/p>\n\n\n\n<div style=\"height:63px\" aria-hidden=\"true\" class=\"wp-block-spacer\"><\/div>\n\n\n<div class=\"wp-block-image\">\n<figure class=\"aligncenter size-full\"><a href=\"https:\/\/www.sostanj.si\/\"><img decoding=\"async\" loading=\"lazy\" width=\"100\" height=\"126\" src=\"http:\/\/rallyvelenje.si\/wp-content\/uploads\/2021\/11\/sostanj_logo.png\" alt=\"\" class=\"wp-image-353\" srcset=\"https:\/\/rallyvelenje.si\/wp-content\/uploads\/2021\/11\/sostanj_logo.png 100w, https:\/\/rallyvelenje.si\/wp-content\/uploads\/2021\/11\/sostanj_logo-10x12.png 10w\" sizes=\"(max-width: 100px) 100vw, 100px\" \/><\/a><\/figure><\/div>\n\n\n<p><\/p>\n<\/div>\n\n\n\n<div class=\"is-layout-flow wp-block-column\"><div class=\"wp-block-image icon-style is-style-default\">\n<figure class=\"aligncenter size-full\"><a href=\"https:\/\/as2005.eu\/\"><img decoding=\"async\" loading=\"lazy\" width=\"500\" height=\"199\" src=\"https:\/\/rallyvelenje.si\/wp-content\/uploads\/2024\/04\/LOGO_AS-1.png\" alt=\"\" class=\"wp-image-1133\" srcset=\"https:\/\/rallyvelenje.si\/wp-content\/uploads\/2024\/04\/LOGO_AS-1.png 500w, https:\/\/rallyvelenje.si\/wp-content\/uploads\/2024\/04\/LOGO_AS-1-300x119.png 300w, https:\/\/rallyvelenje.si\/wp-content\/uploads\/2024\/04\/LOGO_AS-1-18x7.png 18w\" sizes=\"(max-width: 500px) 100vw, 500px\" \/><\/a><\/figure><\/div>\n\n\n<h3 class=\"has-text-align-center has-neve-text-color-color has-text-color\"><\/h3>\n\n\n\n<p class=\"has-text-align-center\"><\/p>\n\n\n\n<div style=\"height:28px\" aria-hidden=\"true\" class=\"wp-block-spacer\"><\/div>\n\n\n<div class=\"wp-block-image\">\n<figure class=\"aligncenter size-full is-resized\"><a href=\"https:\/\/www.amzs.si\/\"><img decoding=\"async\" loading=\"lazy\" src=\"http:\/\/rallyvelenje.si\/wp-content\/uploads\/2021\/11\/amzs_logo.png\" alt=\"\" class=\"wp-image-356\" width=\"136\" height=\"136\" srcset=\"https:\/\/rallyvelenje.si\/wp-content\/uploads\/2021\/11\/amzs_logo.png 271w, https:\/\/rallyvelenje.si\/wp-content\/uploads\/2021\/11\/amzs_logo-150x150.png 150w, https:\/\/rallyvelenje.si\/wp-content\/uploads\/2021\/11\/amzs_logo-12x12.png 12w\" sizes=\"(max-width: 136px) 100vw, 136px\" \/><\/a><\/figure><\/div>\n\n\n<p><\/p>\n<\/div>\n\n\n\n<div class=\"is-layout-flow wp-block-column\"><div class=\"wp-block-image icon-style is-style-default\">\n<figure class=\"aligncenter size-full\"><a href=\"https:\/\/www.velenje.si\/\"><img decoding=\"async\" loading=\"lazy\" width=\"107\" height=\"140\" src=\"http:\/\/rallyvelenje.si\/wp-content\/uploads\/2021\/11\/mov_logo.png\" alt=\"\" class=\"wp-image-350\" srcset=\"https:\/\/rallyvelenje.si\/wp-content\/uploads\/2021\/11\/mov_logo.png 107w, https:\/\/rallyvelenje.si\/wp-content\/uploads\/2021\/11\/mov_logo-9x12.png 9w\" sizes=\"(max-width: 107px) 100vw, 107px\" \/><\/a><\/figure><\/div>\n\n\n<h3 class=\"has-text-align-center has-neve-text-color-color has-text-color\"><\/h3>\n\n\n\n<p class=\"has-text-align-center\"><\/p>\n\n\n\n<div style=\"height:22px\" aria-hidden=\"true\" class=\"wp-block-spacer\"><\/div>\n\n\n<div class=\"wp-block-image is-style-default\">\n<figure class=\"aligncenter size-large is-resized\"><a href=\"https:\/\/mitropa-rally-cup.com\/en\/\"><img decoding=\"async\" loading=\"lazy\" src=\"https:\/\/rallyvelenje.si\/wp-content\/uploads\/2025\/03\/MRC-Logo_highres_60yrs-1024x927.png\" alt=\"\" class=\"wp-image-1526\" width=\"180\" height=\"160\"\/><\/a><\/figure><\/div>\n\n\n<p><\/p>\n<\/div>\n<\/div>\n\n\n\n<div style=\"height:80px\" aria-hidden=\"true\" class=\"wp-block-spacer\"><\/div>\n\n\n\n<div class=\"wp-block-cover alignfull\" style=\"min-height:600px\"><span aria-hidden=\"true\" class=\"wp-block-cover__background has-nv-light-bg-background-color has-background-dim-100 has-background-dim\"><\/span><div class=\"wp-block-cover__inner-container\">\n<div class=\"is-layout-flow wp-block-group\"><div class=\"wp-block-group__inner-container\">\n<div style=\"height:80px\" aria-hidden=\"true\" class=\"wp-block-spacer\"><\/div>\n\n\n\n<div class=\"is-layout-flex wp-container-9 wp-block-columns are-vertically-aligned-center\">\n<div class=\"is-layout-flow wp-block-column is-vertically-aligned-center\" style=\"flex-basis:50%\">\n<figure class=\"wp-block-image size-large\"><img decoding=\"async\" loading=\"lazy\" width=\"1024\" height=\"495\" src=\"https:\/\/rallyvelenje.si\/wp-content\/uploads\/2025\/03\/TABLICA-TIKI-2025-z-vencem-verzija-5-1024x495.png\" alt=\"\" class=\"wp-image-1555\" srcset=\"https:\/\/rallyvelenje.si\/wp-content\/uploads\/2025\/03\/TABLICA-TIKI-2025-z-vencem-verzija-5-1024x495.png 1024w, https:\/\/rallyvelenje.si\/wp-content\/uploads\/2025\/03\/TABLICA-TIKI-2025-z-vencem-verzija-5-300x145.png 300w, https:\/\/rallyvelenje.si\/wp-content\/uploads\/2025\/03\/TABLICA-TIKI-2025-z-vencem-verzija-5-768x371.png 768w, https:\/\/rallyvelenje.si\/wp-content\/uploads\/2025\/03\/TABLICA-TIKI-2025-z-vencem-verzija-5-1536x743.png 1536w, https:\/\/rallyvelenje.si\/wp-content\/uploads\/2025\/03\/TABLICA-TIKI-2025-z-vencem-verzija-5-2048x990.png 2048w, https:\/\/rallyvelenje.si\/wp-content\/uploads\/2025\/03\/TABLICA-TIKI-2025-z-vencem-verzija-5-18x9.png 18w\" sizes=\"(max-width: 1024px) 100vw, 1024px\" \/><\/figure>\n<\/div>\n\n\n\n<div class=\"is-layout-flow wp-block-column is-vertically-aligned-center\">\n<div style=\"height:20px\" aria-hidden=\"true\" class=\"wp-block-spacer\"><\/div>\n\n\n\n<h3 class=\"has-text-align-left has-neve-text-color-color has-text-color\">40. Tiki Rally Velenje<\/h3>\n\n\n\n<p class=\"has-text-align-left has-neve-text-color-color has-text-color\" style=\"font-size:17px\">More about the 40. Tiki Rally Velenje<\/p>\n\n\n\n<div class=\"is-horizontal is-content-justification-left is-layout-flex wp-container-7 wp-block-buttons\">\n<div class=\"wp-block-button is-style-primary\"><a class=\"wp-block-button__link wp-element-button\" href=\"https:\/\/rallyvelenje.si\/en\/rally\/\">MORE<\/a><\/div>\n<\/div>\n<\/div>\n<\/div>\n\n\n\n<div style=\"height:40px\" aria-hidden=\"true\" class=\"wp-block-spacer\"><\/div>\n<\/div><\/div>\n<\/div><\/div>\n\n\n\n<div class=\"wp-block-cover alignfull\" style=\"min-height:600px\"><span aria-hidden=\"true\" class=\"wp-block-cover__background has-nv-site-bg-background-color has-background-dim-100 has-background-dim\"><\/span><div class=\"wp-block-cover__inner-container\">\n<div class=\"is-layout-flow wp-block-group\"><div class=\"wp-block-group__inner-container\">\n<div style=\"height:80px\" aria-hidden=\"true\" class=\"wp-block-spacer\"><\/div>\n\n\n\n<div class=\"is-layout-flex wp-container-14 wp-block-columns are-vertically-aligned-center\">\n<div class=\"is-layout-flow wp-block-column is-vertically-aligned-center\">\n<h3 class=\"has-text-align-left has-neve-text-color-color has-text-color\">Avto Moto Turing Klub Velenje<\/h3>\n\n\n\n<p class=\"has-text-align-left has-neve-text-color-color has-text-color\" style=\"font-size:17px\">More about the Avto Moto Turing Klub Velenje<\/p>\n\n\n\n<div class=\"is-horizontal is-content-justification-left is-layout-flex wp-container-11 wp-block-buttons\">\n<div class=\"wp-block-button is-style-primary\"><a class=\"wp-block-button__link wp-element-button\" href=\"https:\/\/rallyvelenje.si\/en\/amtk\/\">MORE<\/a><\/div>\n<\/div>\n\n\n\n<div style=\"height:40px\" aria-hidden=\"true\" class=\"wp-block-spacer\"><\/div>\n<\/div>\n\n\n\n<div class=\"is-layout-flow wp-block-column is-vertically-aligned-center\" style=\"flex-basis:50%\">\n<figure class=\"wp-block-image size-large\"><img decoding=\"async\" loading=\"lazy\" width=\"1024\" height=\"681\" src=\"http:\/\/rallyvelenje.si\/wp-content\/uploads\/2021\/11\/53469075_2361939567419206_4630717688530862080_o-1024x681.jpg\" alt=\"\" class=\"wp-image-369\" srcset=\"https:\/\/rallyvelenje.si\/wp-content\/uploads\/2021\/11\/53469075_2361939567419206_4630717688530862080_o-1024x681.jpg 1024w, https:\/\/rallyvelenje.si\/wp-content\/uploads\/2021\/11\/53469075_2361939567419206_4630717688530862080_o-300x199.jpg 300w, https:\/\/rallyvelenje.si\/wp-content\/uploads\/2021\/11\/53469075_2361939567419206_4630717688530862080_o-768x510.jpg 768w, https:\/\/rallyvelenje.si\/wp-content\/uploads\/2021\/11\/53469075_2361939567419206_4630717688530862080_o-1536x1021.jpg 1536w, https:\/\/rallyvelenje.si\/wp-content\/uploads\/2021\/11\/53469075_2361939567419206_4630717688530862080_o-18x12.jpg 18w, https:\/\/rallyvelenje.si\/wp-content\/uploads\/2021\/11\/53469075_2361939567419206_4630717688530862080_o.jpg 2048w\" sizes=\"(max-width: 1024px) 100vw, 1024px\" \/><\/figure>\n<\/div>\n<\/div>\n\n\n\n<div style=\"height:40px\" aria-hidden=\"true\" class=\"wp-block-spacer\"><\/div>\n<\/div><\/div>\n<\/div><\/div>\n\n\n\n<div class=\"wp-block-cover alignfull\" style=\"min-height:600px\"><span aria-hidden=\"true\" class=\"wp-block-cover__background has-nv-light-bg-background-color has-background-dim-100 has-background-dim\"><\/span><div class=\"wp-block-cover__inner-container\">\n<div class=\"is-layout-flow wp-block-group\"><div class=\"wp-block-group__inner-container\">\n<div style=\"height:80px\" aria-hidden=\"true\" class=\"wp-block-spacer\"><\/div>\n\n\n\n<div class=\"is-layout-flex wp-container-19 wp-block-columns are-vertically-aligned-center\">\n<div class=\"is-layout-flow wp-block-column is-vertically-aligned-center\" style=\"flex-basis:50%\">\n<figure class=\"wp-block-image size-full\"><img decoding=\"async\" loading=\"lazy\" width=\"720\" height=\"336\" src=\"https:\/\/rallyvelenje.si\/wp-content\/uploads\/2022\/10\/AMZS.jpg\" alt=\"\" class=\"wp-image-663\" srcset=\"https:\/\/rallyvelenje.si\/wp-content\/uploads\/2022\/10\/AMZS.jpg 720w, https:\/\/rallyvelenje.si\/wp-content\/uploads\/2022\/10\/AMZS-300x140.jpg 300w, https:\/\/rallyvelenje.si\/wp-content\/uploads\/2022\/10\/AMZS-18x8.jpg 18w\" sizes=\"(max-width: 720px) 100vw, 720px\" \/><\/figure>\n<\/div>\n\n\n\n<div class=\"is-layout-flow wp-block-column is-vertically-aligned-center\">\n<div style=\"height:20px\" aria-hidden=\"true\" class=\"wp-block-spacer\"><\/div>\n\n\n\n<h3 class=\"has-text-align-left has-neve-text-color-color has-text-color\">Enroll to AMZS!<\/h3>\n\n\n\n<p class=\"has-text-align-left has-neve-text-color-color has-text-color\" style=\"font-size:17px\">Become an AMZS member, enjoy special benefits!<\/p>\n\n\n\n<div class=\"is-horizontal is-content-justification-left is-layout-flex wp-container-17 wp-block-buttons\">\n<div class=\"wp-block-button is-style-primary\"><a class=\"wp-block-button__link wp-element-button\" href=\"https:\/\/www.amzs.si\/clanstvo\/postanite-clan\/novo?korak=1&amp;dref=131\" target=\"_blank\" rel=\"noreferrer noopener\">MORE<\/a><\/div>\n<\/div>\n<\/div>\n<\/div>\n\n\n\n<div style=\"height:40px\" aria-hidden=\"true\" class=\"wp-block-spacer\"><\/div>\n<\/div><\/div>\n<\/div><\/div>\n\n\n\n<div class=\"wp-block-cover alignfull\" style=\"min-height:420px\"><span aria-hidden=\"true\" class=\"wp-block-cover__background has-nv-light-bg-background-color has-background-dim-100 has-background-dim\"><\/span><div class=\"wp-block-cover__inner-container\">\n<div style=\"height:80px\" aria-hidden=\"true\" class=\"wp-block-spacer\"><\/div>\n\n\n\n<div class=\"is-layout-flex wp-container-24 wp-block-columns\">\n<div class=\"is-layout-flow wp-block-column\"><div class=\"wp-block-image is-style-rounded\">\n<figure class=\"aligncenter size-full is-resized\"><img decoding=\"async\" loading=\"lazy\" src=\"http:\/\/rallyvelenje.si\/wp-content\/uploads\/2021\/11\/lenko.jpg\" alt=\"\" class=\"wp-image-333\" width=\"276\" height=\"242\" srcset=\"https:\/\/rallyvelenje.si\/wp-content\/uploads\/2021\/11\/lenko.jpg 400w, https:\/\/rallyvelenje.si\/wp-content\/uploads\/2021\/11\/lenko-300x263.jpg 300w, https:\/\/rallyvelenje.si\/wp-content\/uploads\/2021\/11\/lenko-14x12.jpg 14w\" sizes=\"(max-width: 276px) 100vw, 276px\" \/><\/figure><\/div>\n\n\n<p class=\"has-text-align-center has-neve-text-color-color has-text-color\">Simon Lenko, president<\/p>\n\n\n\n<div style=\"height:20px\" aria-hidden=\"true\" class=\"wp-block-spacer\"><\/div>\n<\/div>\n\n\n\n<div class=\"is-layout-flow wp-block-column\"><div class=\"wp-block-image is-style-rounded\">\n<figure class=\"aligncenter size-full is-resized\"><img decoding=\"async\" loading=\"lazy\" src=\"http:\/\/rallyvelenje.si\/wp-content\/uploads\/2021\/11\/dani.jpg\" alt=\"\" class=\"wp-image-332\" width=\"186\" height=\"241\" srcset=\"https:\/\/rallyvelenje.si\/wp-content\/uploads\/2021\/11\/dani.jpg 372w, https:\/\/rallyvelenje.si\/wp-content\/uploads\/2021\/11\/dani-232x300.jpg 232w, https:\/\/rallyvelenje.si\/wp-content\/uploads\/2021\/11\/dani-9x12.jpg 9w\" sizes=\"(max-width: 186px) 100vw, 186px\" \/><\/figure><\/div>\n\n\n<p class=\"has-text-align-center\"><mark style=\"background-color:rgba(0, 0, 0, 0)\" class=\"has-inline-color has-neve-text-color-color\">Daniel Bla\u017ein\u010di\u010d, sporting director<\/mark><\/p>\n\n\n\n<div style=\"height:20px\" aria-hidden=\"true\" class=\"wp-block-spacer\"><\/div>\n\n\n\n<p><\/p>\n<\/div>\n\n\n\n<div class=\"is-layout-flow wp-block-column\"><div class=\"wp-block-image is-style-rounded\">\n<figure class=\"aligncenter size-full is-resized\"><img decoding=\"async\" loading=\"lazy\" src=\"http:\/\/rallyvelenje.si\/wp-content\/uploads\/2021\/11\/mirci.jpg\" alt=\"\" class=\"wp-image-334\" width=\"269\" height=\"241\" srcset=\"https:\/\/rallyvelenje.si\/wp-content\/uploads\/2021\/11\/mirci.jpg 174w, https:\/\/rallyvelenje.si\/wp-content\/uploads\/2021\/11\/mirci-13x12.jpg 13w\" sizes=\"(max-width: 269px) 100vw, 269px\" \/><\/figure><\/div>\n\n\n<p class=\"has-text-align-center\"><mark style=\"background-color:rgba(0, 0, 0, 0)\" class=\"has-inline-color has-neve-text-color-color\">Miran Kru\u0161nik, head of marshals<\/mark><\/p>\n\n\n\n<div style=\"height:20px\" aria-hidden=\"true\" class=\"wp-block-spacer\"><\/div>\n<\/div>\n<\/div>\n\n\n\n<div style=\"height:30px\" aria-hidden=\"true\" class=\"wp-block-spacer\"><\/div>\n<\/div><\/div>\n\n\n\n<p><\/p>","protected":false},"excerpt":{"rendered":"","protected":false},"author":1,"featured_media":0,"parent":0,"menu_order":0,"comment_status":"closed","ping_status":"closed","template":"","meta":{"neve_meta_sidebar":"","neve_meta_container":"","neve_meta_enable_content_width":"on","neve_meta_content_width":100,"neve_meta_title_alignment":"","neve_meta_author_avatar":"","neve_post_elements_order":"","neve_meta_disable_header":"","neve_meta_disable_footer":"","neve_meta_disable_title":"on"},"_links":{"self":[{"href":"https:\/\/rallyvelenje.si\/en\/wp-json\/wp\/v2\/pages\/18"}],"collection":[{"href":"https:\/\/rallyvelenje.si\/en\/wp-json\/wp\/v2\/pages"}],"about":[{"href":"https:\/\/rallyvelenje.si\/en\/wp-json\/wp\/v2\/types\/page"}],"author":[{"embeddable":true,"href":"https:\/\/rallyvelenje.si\/en\/wp-json\/wp\/v2\/users\/1"}],"replies":[{"embeddable":true,"href":"https:\/\/rallyvelenje.si\/en\/wp-json\/wp\/v2\/comments?post=18"}],"version-history":[{"count":138,"href":"https:\/\/rallyvelenje.si\/en\/wp-json\/wp\/v2\/pages\/18\/revisions"}],"predecessor-version":[{"id":1955,"href":"https:\/\/rallyvelenje.si\/en\/wp-json\/wp\/v2\/pages\/18\/revisions\/1955"}],"wp:attachment":[{"href":"https:\/\/rallyvelenje.si\/en\/wp-json\/wp\/v2\/media?parent=18"}],"curies":[{"name":"wp","href":"https:\/\/api.w.org\/{rel}","templated":true}]}}