{"id":20,"date":"2021-02-13T18:57:06","date_gmt":"2021-02-13T17:57:06","guid":{"rendered":"http:\/\/localhost\/AMTK\/?page_id=20"},"modified":"2025-05-21T17:54:47","modified_gmt":"2025-05-21T15:54:47","slug":"kontakt","status":"publish","type":"page","link":"https:\/\/rallyvelenje.si\/en\/kontakt\/","title":{"rendered":"Contact info"},"content":{"rendered":"<h1 class=\"has-text-align-center\">Contact info<\/h1>\n\n\n\n<h2 class=\"has-text-align-center\"><strong>AVTO MOTO TURING KLUB VELENJE<\/strong><\/h2>\n\n\n\n<p class=\"has-text-align-center has-nv-dark-bg-color has-text-color\"><strong>Location:<\/strong>&nbsp;Rudni\u0161ka cesta 3, 3320 Velenje<br><strong>Tax ID number:<\/strong>&nbsp;46077570<br><strong>Business account:<\/strong>&nbsp;02426-0010117343<br><strong>Club representative:&nbsp;<\/strong>Simon Lenko<br><\/p>\n\n\n\n<p class=\"has-text-align-center has-nv-dark-bg-color has-text-color\"><strong>E-mail: <\/strong>info@rallyvelenje.si<br><strong>Phone number - president:<\/strong>&nbsp;031 548 593<br><strong>Phone number - sporting director:<\/strong>&nbsp;041 558 320 <br><strong>Website:<\/strong>&nbsp;<a href=\"https:\/\/rallyvelenje.si\/en\/\" data-type=\"page\" data-id=\"18\">www.rallyvelenje.si<\/a><\/p>\n\n\n\n<div class=\"is-layout-flex wp-container-4 wp-block-columns\">\n<div class=\"is-layout-flow wp-block-column is-vertically-aligned-center\"><div class=\"wp-block-image\">\n<figure class=\"aligncenter size-thumbnail\"><a href=\"https:\/\/www.facebook.com\/amtk.velenje\" target=\"_blank\" rel=\"noreferrer noopener\"><img decoding=\"async\" loading=\"lazy\" width=\"150\" height=\"150\" src=\"https:\/\/rallyvelenje.si\/wp-content\/uploads\/2025\/02\/facebook-logo-png_seeklogo-157841-150x150.png\" alt=\"\" class=\"wp-image-1421\" srcset=\"https:\/\/rallyvelenje.si\/wp-content\/uploads\/2025\/02\/facebook-logo-png_seeklogo-157841-150x150.png 150w, https:\/\/rallyvelenje.si\/wp-content\/uploads\/2025\/02\/facebook-logo-png_seeklogo-157841-300x300.png 300w, https:\/\/rallyvelenje.si\/wp-content\/uploads\/2025\/02\/facebook-logo-png_seeklogo-157841-12x12.png 12w, https:\/\/rallyvelenje.si\/wp-content\/uploads\/2025\/02\/facebook-logo-png_seeklogo-157841.png 600w\" sizes=\"(max-width: 150px) 100vw, 150px\" \/><\/a><\/figure><\/div><\/div>\n\n\n\n<div class=\"is-layout-flow wp-block-column is-vertically-aligned-center\"><div class=\"wp-block-image\">\n<figure class=\"aligncenter size-thumbnail\"><a href=\"https:\/\/www.instagram.com\/amtk.velenje\/\" target=\"_blank\" rel=\"noreferrer noopener\"><img decoding=\"async\" loading=\"lazy\" width=\"150\" height=\"150\" src=\"https:\/\/rallyvelenje.si\/wp-content\/uploads\/2025\/02\/5968776-1-150x150.png\" alt=\"\" class=\"wp-image-1420\" srcset=\"https:\/\/rallyvelenje.si\/wp-content\/uploads\/2025\/02\/5968776-1-150x150.png 150w, https:\/\/rallyvelenje.si\/wp-content\/uploads\/2025\/02\/5968776-1-300x300.png 300w, https:\/\/rallyvelenje.si\/wp-content\/uploads\/2025\/02\/5968776-1-12x12.png 12w, https:\/\/rallyvelenje.si\/wp-content\/uploads\/2025\/02\/5968776-1.png 512w\" sizes=\"(max-width: 150px) 100vw, 150px\" \/><\/a><\/figure><\/div><\/div>\n\n\n\n<div class=\"is-layout-flow wp-block-column is-vertically-aligned-center\"><div class=\"wp-block-image\">\n<figure class=\"aligncenter size-thumbnail\"><a href=\"https:\/\/www.youtube.com\/@AMTKVelenje\" target=\"_blank\" rel=\"noreferrer noopener\"><img decoding=\"async\" loading=\"lazy\" width=\"150\" height=\"150\" src=\"https:\/\/rallyvelenje.si\/wp-content\/uploads\/2025\/05\/1384060-1-150x150.png\" alt=\"\" class=\"wp-image-1908\" srcset=\"https:\/\/rallyvelenje.si\/wp-content\/uploads\/2025\/05\/1384060-1-150x150.png 150w, https:\/\/rallyvelenje.si\/wp-content\/uploads\/2025\/05\/1384060-1-300x300.png 300w, https:\/\/rallyvelenje.si\/wp-content\/uploads\/2025\/05\/1384060-1-12x12.png 12w, https:\/\/rallyvelenje.si\/wp-content\/uploads\/2025\/05\/1384060-1.png 512w\" sizes=\"(max-width: 150px) 100vw, 150px\" \/><\/a><\/figure><\/div><\/div>\n<\/div>\n\n\n\n<div class=\"wp-block-cover alignfull\" style=\"min-height:302px\"><span aria-hidden=\"true\" class=\"wp-block-cover__background has-nv-light-bg-background-color has-background-dim-100 has-background-dim\"><\/span><div class=\"wp-block-cover__inner-container\">\n<div class=\"is-layout-flex wp-container-9 wp-block-columns\">\n<div class=\"is-layout-flow wp-block-column\"><div class=\"wp-block-image icon-style is-style-default\">\n<figure class=\"wp-duotone-000000-ffffff-5 aligncenter size-full\"><img decoding=\"async\" loading=\"lazy\" width=\"88\" height=\"96\" src=\"http:\/\/rallyvelenje.si\/wp-content\/uploads\/2021\/11\/phone-2.png\" alt=\"\" class=\"wp-image-406\" srcset=\"https:\/\/rallyvelenje.si\/wp-content\/uploads\/2021\/11\/phone-2.png 88w, https:\/\/rallyvelenje.si\/wp-content\/uploads\/2021\/11\/phone-2-11x12.png 11w\" sizes=\"(max-width: 88px) 100vw, 88px\" \/><\/figure><\/div>\n\n\n<h3 class=\"has-text-align-center has-neve-text-color-color has-text-color\">Call us at<\/h3>\n\n\n\n<p class=\"has-text-align-center has-neve-text-color-color has-text-color\" style=\"font-size:15px\">031 548 593<\/p>\n<\/div>\n\n\n\n<div class=\"is-layout-flow wp-block-column\"><div class=\"wp-block-image icon-style is-style-default\">\n<figure class=\"aligncenter size-full\"><img decoding=\"async\" loading=\"lazy\" width=\"84\" height=\"89\" src=\"http:\/\/rallyvelenje.si\/wp-content\/uploads\/2021\/11\/mail-1.png\" alt=\"\" class=\"wp-image-409\" srcset=\"https:\/\/rallyvelenje.si\/wp-content\/uploads\/2021\/11\/mail-1.png 84w, https:\/\/rallyvelenje.si\/wp-content\/uploads\/2021\/11\/mail-1-11x12.png 11w\" sizes=\"(max-width: 84px) 100vw, 84px\" \/><\/figure><\/div>\n\n\n<h3 class=\"has-text-align-center has-neve-text-color-color has-text-color\">Email<\/h3>\n\n\n\n<p class=\"has-text-align-center has-neve-text-color-color has-text-color\" style=\"font-size:15px\">info@rallyvelenje.si<\/p>\n<\/div>\n\n\n\n<div class=\"is-layout-flow wp-block-column\"><div class=\"wp-block-image icon-style is-style-default\">\n<figure class=\"aligncenter size-full\"><img decoding=\"async\" loading=\"lazy\" width=\"87\" height=\"90\" src=\"http:\/\/rallyvelenje.si\/wp-content\/uploads\/2021\/11\/location-1.png\" alt=\"\" class=\"wp-image-412\" srcset=\"https:\/\/rallyvelenje.si\/wp-content\/uploads\/2021\/11\/location-1.png 87w, https:\/\/rallyvelenje.si\/wp-content\/uploads\/2021\/11\/location-1-12x12.png 12w\" sizes=\"(max-width: 87px) 100vw, 87px\" \/><\/figure><\/div>\n\n\n<h3 class=\"has-text-align-center has-neve-text-color-color has-text-color\">Location<\/h3>\n\n\n\n<p class=\"has-text-align-center has-neve-text-color-color has-text-color\" style=\"font-size:15px\">Rudni\u0161ka cesta 3, 3320 Velenje<\/p>\n<\/div>\n<\/div>\n<\/div><\/div>\n\n\n\n<h2><\/h2>","protected":false},"excerpt":{"rendered":"<p>Kontakt AVTO MOTO TURING KLUB VELENJE Sede\u017e:&nbsp;Rudni\u0161ka cesta 3, 3320 VelenjeDav\u010dna \u0161tevilka:&nbsp;46077570Poslovni ra\u010dun:&nbsp;02426-0010117343Zastopnik kluba:&nbsp;Simon Lenko E-mail: info@rallyvelenje.siTelefon \u2013 Predsednik:&nbsp;031 548 593Telefon \u2013 \u0160portni direktor:&nbsp;041 558 320 Spletni naslov:&nbsp;www.rallyvelenje.si<\/p>","protected":false},"author":1,"featured_media":0,"parent":0,"menu_order":0,"comment_status":"closed","ping_status":"closed","template":"","meta":{"neve_meta_sidebar":"","neve_meta_container":"","neve_meta_enable_content_width":"on","neve_meta_content_width":100,"neve_meta_title_alignment":"","neve_meta_author_avatar":"","neve_post_elements_order":"","neve_meta_disable_header":"","neve_meta_disable_footer":"","neve_meta_disable_title":"on"},"_links":{"self":[{"href":"https:\/\/rallyvelenje.si\/en\/wp-json\/wp\/v2\/pages\/20"}],"collection":[{"href":"https:\/\/rallyvelenje.si\/en\/wp-json\/wp\/v2\/pages"}],"about":[{"href":"https:\/\/rallyvelenje.si\/en\/wp-json\/wp\/v2\/types\/page"}],"author":[{"embeddable":true,"href":"https:\/\/rallyvelenje.si\/en\/wp-json\/wp\/v2\/users\/1"}],"replies":[{"embeddable":true,"href":"https:\/\/rallyvelenje.si\/en\/wp-json\/wp\/v2\/comments?post=20"}],"version-history":[{"count":36,"href":"https:\/\/rallyvelenje.si\/en\/wp-json\/wp\/v2\/pages\/20\/revisions"}],"predecessor-version":[{"id":1910,"href":"https:\/\/rallyvelenje.si\/en\/wp-json\/wp\/v2\/pages\/20\/revisions\/1910"}],"wp:attachment":[{"href":"https:\/\/rallyvelenje.si\/en\/wp-json\/wp\/v2\/media?parent=20"}],"curies":[{"name":"wp","href":"https:\/\/api.w.org\/{rel}","templated":true}]}}