{"id":22,"date":"2021-02-13T18:57:06","date_gmt":"2021-02-13T17:57:06","guid":{"rendered":"http:\/\/localhost\/AMTK\/?page_id=22"},"modified":"2025-05-16T14:32:50","modified_gmt":"2025-05-16T12:32:50","slug":"amtk","status":"publish","type":"page","link":"https:\/\/rallyvelenje.si\/en\/amtk\/","title":{"rendered":"Avto Moto Turing Klub Velenje"},"content":{"rendered":"<div class=\"wp-block-cover aligncenter\" style=\"min-height:320px\"><span aria-hidden=\"true\" class=\"wp-block-cover__background has-nv-site-bg-background-color has-background-dim-100 has-background-dim\"><\/span><div class=\"wp-block-cover__inner-container\">\n<div class=\"is-layout-flow wp-block-group\"><div class=\"wp-block-group__inner-container\">\n<div class=\"is-layout-flex wp-container-4 wp-block-columns are-vertically-aligned-center\">\n<div class=\"is-layout-flow wp-block-column is-vertically-aligned-center\" style=\"flex-basis:100%\">\n<h1 class=\"alignfull has-text-align-center has-text-color\" style=\"color:#0527ea;font-size:70px\">\n  Avto Moto Turing Klub Velenje\n<\/h1>\n\n\n\n<p><\/p>\n\n\n\n<div class=\"is-layout-flex wp-container-2 wp-block-columns\">\n<div class=\"is-layout-flow wp-block-column\" style=\"flex-basis:100%\"><\/div>\n<\/div>\n\n\n\n<figure class=\"wp-block-image size-large\"><img decoding=\"async\" loading=\"lazy\" width=\"1024\" height=\"768\" src=\"http:\/\/rallyvelenje.si\/wp-content\/uploads\/2021\/11\/IMG_20210425_161853-1024x768.jpg\" alt=\"\" class=\"wp-image-419\" srcset=\"https:\/\/rallyvelenje.si\/wp-content\/uploads\/2021\/11\/IMG_20210425_161853-1024x768.jpg 1024w, https:\/\/rallyvelenje.si\/wp-content\/uploads\/2021\/11\/IMG_20210425_161853-300x225.jpg 300w, https:\/\/rallyvelenje.si\/wp-content\/uploads\/2021\/11\/IMG_20210425_161853-768x576.jpg 768w, https:\/\/rallyvelenje.si\/wp-content\/uploads\/2021\/11\/IMG_20210425_161853-1536x1152.jpg 1536w, https:\/\/rallyvelenje.si\/wp-content\/uploads\/2021\/11\/IMG_20210425_161853-2048x1536.jpg 2048w, https:\/\/rallyvelenje.si\/wp-content\/uploads\/2021\/11\/IMG_20210425_161853-16x12.jpg 16w\" sizes=\"(max-width: 1024px) 100vw, 1024px\" \/><\/figure>\n<\/div>\n<\/div>\n<\/div><\/div>\n<\/div><\/div>\n\n\n\n<p class=\"has-text-align-center has-x-large-font-size\"><p class=\"has-text-align-center has-x-large-font-size\" style=\"line-height: 1.4; word-wrap: break-word; overflow-wrap: break-word;\">\n  <strong style=\"color: inherit;\">\n    About the club\n  <\/strong>\n<\/p><\/p>\n\n\n\n<div class=\"is-layout-flex wp-container-8 wp-block-columns\">\n<div class=\"is-layout-flow wp-block-column\" style=\"flex-basis:66.79%\">\n<figure class=\"wp-block-image size-full is-resized\"><img decoding=\"async\" loading=\"lazy\" src=\"https:\/\/rallyvelenje.si\/wp-content\/uploads\/2021\/11\/IMG-9982ba478d237adb2df2edf122a22f38-V-1.jpg\" alt=\"\" class=\"wp-image-417\" width=\"777\" height=\"518\" srcset=\"https:\/\/rallyvelenje.si\/wp-content\/uploads\/2021\/11\/IMG-9982ba478d237adb2df2edf122a22f38-V-1.jpg 1600w, https:\/\/rallyvelenje.si\/wp-content\/uploads\/2021\/11\/IMG-9982ba478d237adb2df2edf122a22f38-V-1-300x200.jpg 300w, https:\/\/rallyvelenje.si\/wp-content\/uploads\/2021\/11\/IMG-9982ba478d237adb2df2edf122a22f38-V-1-1024x683.jpg 1024w, https:\/\/rallyvelenje.si\/wp-content\/uploads\/2021\/11\/IMG-9982ba478d237adb2df2edf122a22f38-V-1-768x512.jpg 768w, https:\/\/rallyvelenje.si\/wp-content\/uploads\/2021\/11\/IMG-9982ba478d237adb2df2edf122a22f38-V-1-1536x1024.jpg 1536w, https:\/\/rallyvelenje.si\/wp-content\/uploads\/2021\/11\/IMG-9982ba478d237adb2df2edf122a22f38-V-1-18x12.jpg 18w, https:\/\/rallyvelenje.si\/wp-content\/uploads\/2021\/11\/IMG-9982ba478d237adb2df2edf122a22f38-V-1-930x620.jpg 930w\" sizes=\"(max-width: 777px) 100vw, 777px\" \/><\/figure>\n<\/div>\n\n\n\n<div class=\"is-layout-flow wp-block-column\" style=\"flex-basis:34%\">\n<p class=\"has-neve-link-color-color has-text-color translation-block\">Avto moto turing klub (AMTK) Velenje was founded in 1982. Our main area of activity is to organize and run motorsport events in the country of Slovenia. So far, we have been involved with hillclimbs, auto slaloms, closed track races and our core area - rally.\nWe are proud to be an organizer of almost 40 rallies in Velenje, along which we also prepared many tourist rallies (casual type of rally competition). We are honored that our rally is a part of the Slovenian national championship and the Mitropa Cup. In 2016, our rally was also a part of the CEZ championship and the European Rally Trophy competition. Our expertise was also called upon, when the historic Beijing to Paris rally passed through our vicinity, showcasing many interesting old-timer vehicles to numerous enthusiasts.<\/p>\n<\/div>\n<\/div>\n\n\n\n<p class=\"has-neve-link-color-color has-text-color\">2021 marked another large step forward for us, since the organizers of the WRC Croatia Rally contacted us to help them in various roles (safety cars, stage commanders, track marshals, \u2026). Thanks to our many years of experience, the two special stages which were trusted to us ran without a hitch and thus our cooperation with them continues to this day.<\/p>\n\n\n\n<p class=\"has-neve-link-color-color has-text-color\">Our club members are volunteers, which love the smell of petrol and burnt rubber. They put in many hours on and off track to make thing happen and to ensure everything is done by the book. Many of them are seasoned track marshals, who cooperate with other organizers in Slovenia and help them as stage commanders, clerks of the course, etc.<br><br>These members are key to a successful event, since their experience and knowledge helps any organizer keep their event at the highest level possible. Our 30+ team of marshals receive yearly training courses through our NTL and through practical experience.\n\nAlso, we always welcome new members, who share our passion for motorsport. :)<\/p>\n\n\n\n<div class=\"wp-block-cover alignfull\" style=\"min-height:600px\"><span aria-hidden=\"true\" class=\"wp-block-cover__background has-nv-site-bg-background-color has-background-dim-100 has-background-dim\"><\/span><div class=\"wp-block-cover__inner-container\">\n<div class=\"is-layout-flow wp-block-group\"><div class=\"wp-block-group__inner-container\">\n<div style=\"height:0px\" aria-hidden=\"true\" class=\"wp-block-spacer\"><\/div>\n\n\n\n<h2 class=\"has-neve-text-color-color has-text-color\">News<\/h2>\n\n\n\n<div style=\"height:20px\" aria-hidden=\"true\" class=\"wp-block-spacer\"><\/div>\n\n\n<ul class=\"wp-block-latest-posts__list wp-block-latest-posts\"><li><a class=\"wp-block-latest-posts__post-title\" href=\"https:\/\/rallyvelenje.si\/en\/2024\/02\/13\/redna-letna-skupscina-2024\/\">Redna letna skup\u0161\u010dina 2024<\/a><\/li>\n<li><a class=\"wp-block-latest-posts__post-title\" href=\"https:\/\/rallyvelenje.si\/en\/2024\/01\/01\/srecno-2024\/\">Sre\u010dno 2024<\/a><\/li>\n<li><a class=\"wp-block-latest-posts__post-title\" href=\"https:\/\/rallyvelenje.si\/en\/2023\/02\/25\/redna-letna-skupscina-2023\/\">Redna letna skup\u0161\u010dina 2023<\/a><\/li>\n<\/ul>\n\n\n<div class=\"is-layout-flex wp-container-11 wp-block-columns are-vertically-aligned-center\">\n<div class=\"is-layout-flow wp-block-column is-vertically-aligned-center\" style=\"flex-basis:50%\">\n<div style=\"height:40px\" aria-hidden=\"true\" class=\"wp-block-spacer\"><\/div>\n<\/div>\n\n\n\n<div class=\"is-layout-flow wp-block-column is-vertically-aligned-center\" style=\"flex-basis:50%\">\n<div style=\"height:40px\" aria-hidden=\"true\" class=\"wp-block-spacer\"><\/div>\n<\/div>\n<\/div>\n<\/div><\/div>\n<\/div><\/div>","protected":false},"excerpt":{"rendered":"<p>Predstavitev kluba Avto moto turing klub (AMTK) Velenje je bil ustanovljen leta 1982. Na\u0161a osrednja dejavnost je izvajanje dirk na podro\u010dju avto-moto \u0161porta v Sloveniji. V vseh letih delovanja smo organizirali \u0161tevilne gorske dirke, avto slalome in seveda, na\u0161e osrednje dirke \u2013 rallyje. Organizirali smo preko 35 rallyjev v Velenju, manjkalo pa ni tudi turisti\u010dnih&hellip;&nbsp;<a href=\"https:\/\/rallyvelenje.si\/en\/amtk\/\" class=\"\" rel=\"bookmark\">Read More &raquo;<span class=\"screen-reader-text\">Avto Moto Turing Klub Velenje<\/span><\/a><\/p>","protected":false},"author":1,"featured_media":0,"parent":0,"menu_order":0,"comment_status":"closed","ping_status":"closed","template":"","meta":{"neve_meta_sidebar":"","neve_meta_container":"","neve_meta_enable_content_width":"on","neve_meta_content_width":100,"neve_meta_title_alignment":"","neve_meta_author_avatar":"","neve_post_elements_order":"","neve_meta_disable_header":"","neve_meta_disable_footer":"","neve_meta_disable_title":"on"},"_links":{"self":[{"href":"https:\/\/rallyvelenje.si\/en\/wp-json\/wp\/v2\/pages\/22"}],"collection":[{"href":"https:\/\/rallyvelenje.si\/en\/wp-json\/wp\/v2\/pages"}],"about":[{"href":"https:\/\/rallyvelenje.si\/en\/wp-json\/wp\/v2\/types\/page"}],"author":[{"embeddable":true,"href":"https:\/\/rallyvelenje.si\/en\/wp-json\/wp\/v2\/users\/1"}],"replies":[{"embeddable":true,"href":"https:\/\/rallyvelenje.si\/en\/wp-json\/wp\/v2\/comments?post=22"}],"version-history":[{"count":31,"href":"https:\/\/rallyvelenje.si\/en\/wp-json\/wp\/v2\/pages\/22\/revisions"}],"predecessor-version":[{"id":1774,"href":"https:\/\/rallyvelenje.si\/en\/wp-json\/wp\/v2\/pages\/22\/revisions\/1774"}],"wp:attachment":[{"href":"https:\/\/rallyvelenje.si\/en\/wp-json\/wp\/v2\/media?parent=22"}],"curies":[{"name":"wp","href":"https:\/\/api.w.org\/{rel}","templated":true}]}}